{"id":132,"date":"2024-02-13T21:21:21","date_gmt":"2024-02-13T21:21:21","guid":{"rendered":"https:\/\/77direct.com\/mennecy\/?page_id=132"},"modified":"2024-02-16T19:37:45","modified_gmt":"2024-02-16T19:37:45","slug":"2017-mennecy","status":"publish","type":"page","link":"https:\/\/77direct.com\/mennecy\/2017-mennecy\/","title":{"rendered":"2017 &#8211; MENNECY"},"content":{"rendered":"\n<h2 class=\"wp-block-heading alignwide has-text-align-center\">2017 -MENNECY &#8211; 7\u00e8me Festival Livre &amp; BD<\/h2>\n\n\n<div class=\"wonderplugingallery-container\" id=\"wonderplugingallery-container-9\" style=\"max-width:960px;margin:0 auto;\"><div class=\"wonderplugingallery\" id=\"wonderplugingallery-9\" data-galleryid=\"9\" data-width=\"960\" data-height=\"540\" data-skin=\"vertical\" data-playsinline=\"false\" data-mutevideo=\"false\" data-random=\"true\" data-autoslide=\"false\" data-autoplayvideo=\"false\" data-schemamarkup=\"false\" data-stopallplaying=\"false\" data-reloadonvideoend=\"false\" data-donotuseposter=\"false\" data-enabletabindex=\"false\" data-loadnextonvideoend=\"false\" data-hidetitlewhenvideoisplaying=\"false\" data-disablehovereventontouch=\"false\" data-autoslideandplayafterfirstplayed=\"false\" data-html5player=\"true\" data-responsive=\"true\" data-fullwidth=\"false\" data-showtitle=\"true\" data-showdescription=\"true\" data-showplaybutton=\"true\" data-showfullscreenbutton=\"true\" data-showtimer=\"true\" data-showcarousel=\"true\" data-galleryshadow=\"false\" data-slideshadow=\"false\" data-thumbshowtitle=\"true\" data-thumbshowimage=\"true\" data-thumbshadow=\"false\" data-lightboxshowtitle=\"true\" data-lightboxshowdescription=\"true\" data-specifyid=\"true\" data-donotinit=\"false\" data-addinitscript=\"false\" data-triggerresize=\"false\" data-thumbcolumnsresponsive=\"false\" data-thumbverticalmiddle=\"true\" data-removeinlinecss=\"true\" data-switchonmouseover=\"false\" data-showcategory=\"true\" data-carouselpagination=\"false\" data-showimgtitle=\"true\" data-titlesmallscreen=\"false\" data-initsocial=\"false\" data-showsocial=\"false\" data-showemail=\"false\" data-showfacebook=\"false\" data-showtwitter=\"false\" data-showpinterest=\"false\" data-socialrotateeffect=\"true\" data-doshortcodeontext=\"false\" data-loop=\"0\" data-duration=\"1500\" data-slideduration=\"1000\" data-slideshowinterval=\"6000\" data-googleanalyticsaccount=\"\" data-ga4account=\"\" data-resizemode=\"fill\" data-imagetoolboxmode=\"mouseover\" data-effect=\"fade\" data-padding=\"12\" data-bgcolor=\"#444444\" data-bgimage=\"background.jpg\" data-thumbwidth=\"200\" data-thumbheight=\"60\" data-thumbgap=\"8\" data-thumbrowgap=\"16\" data-lightboxtextheight=\"120\" data-lightboxtitlecss=\"{color:#333333; font:bold 12px Arial,Helvetica,sans-serif; overflow:hidden; white-space:normal; line-height:18px;}\" data-lightboxdescriptioncss=\"{color:#333333; font:normal 12px Arial,Helvetica,sans-serif; overflow:hidden; white-space:normal; line-height:14px;}\" data-titlecss=\"{color:#ffffff; font-size:16px; font-family:Armata, sans-serif, Arial; overflow:hidden; white-space:normal; text-align:left; padding:10px 0px;}\" data-descriptioncss=\"{color:#ffffff; font-size:12px; font-family:Armata, sans-serif, Arial; overflow:hidden; white-space:normal; text-align:left; padding:0px 0px 10px 0px;}\" data-titleheight=\"120\" data-titlesmallscreenwidth=\"640\" data-titleheightsmallscreen=\"148\" data-socialmode=\"mouseover\" data-socialposition=\"position:absolute;top:8px;right:8px;\" data-socialpositionlightbox=\"position:absolute;top:8px;right:8px;\" data-socialdirection=\"horizontal\" data-socialbuttonsize=\"32\" data-socialbuttonfontsize=\"18\" data-defaultvideovolume=\"1\" data-thumbtitleheight=\"24\" data-thumbmediumtitleheight=\"48\" data-thumbsmalltitleheight=\"72\" data-categoryheight=\"48\" data-categorydefault=\"all\" data-triggerresizedelay=\"100\" data-thumbmediumsize=\"800\" data-thumbsmallsize=\"480\" data-thumbmediumwidth=\"64\" data-thumbmediumheight=\"64\" data-thumbsmallwidth=\"48\" data-thumbsmallheight=\"48\" data-imgtitle=\"title\" data-carouselpaginationrow=\"3\" data-categorystyle=\"dropdown\" data-categorylist=\"[{&quot;slug&quot;:&quot;all&quot;,&quot;caption&quot;:&quot;2017 - MENNECY&quot;}]\" data-jsfolder=\"https:\/\/77direct.com\/mennecy\/wp-content\/plugins\/wonderplugin-gallery\/engine\/\" style=\"display:none;\" ><a class=\"html5galleryimglink\" data-mediatype=6 href=\"https:\/\/77sm.fr\/17mennecy\/2017-02-04-mennecy-salon-du-livre-remise-des-prix.mp4\" data-poster=\"https:\/\/77sm.fr\/17mennecy\/2017-02-04-mennecy-salon-du-livre-remise-des-prix.jpg\" data-hd=\"https:\/\/77sm.fr\/17mennecy\/2017-02-04-mennecy-salon-du-livre-remise-des-prix.mp4\" data-hdwebm=\"https:\/\/77sm.fr\/17mennecy\/2017-02-04-mennecy-salon-du-livre-remise-des-prix.mp4\"><img decoding=\"async\" class=\"html5galleryimg html5gallery-tn-image\" src=\"https:\/\/77sm.fr\/17mennecy\/2017-02-04-mennecy-salon-du-livre-remise-des-prix.jpg\" alt=\"Remise des Prix\" title=\"Remise des Prix\" data-description=\"MENNECY (91) Inauguration du 7\u00e8me Festival du Livre et de la BD 2017\nInauguration officielle : c&#39;est le grand romancier Gilbert BORDES, auteur d&#39;une quarantaine d&#39;ouvrages qui a \u00e9t\u00e9 le parrain de la manifestation.\nRemise des Prix aux laur\u00e9ats des nouvelles des lyc\u00e9es et coll\u00e8ges de Mennecy et du Prix du 1er roman lors du 7\u00e8me Festival du Livre du 4 f\u00e9vrier 2017\"><\/a><div class=\"html5gallery-info\"><div class=\"html5gallery-title\">Remise des Prix<\/div><div class=\"html5gallery-description\">MENNECY (91) Inauguration du 7\u00e8me Festival du Livre et de la BD 2017\nInauguration officielle : c&#039;est le grand romancier Gilbert BORDES, auteur d&#039;une quarantaine d&#039;ouvrages qui a \u00e9t\u00e9 le parrain de la manifestation.\nRemise des Prix aux laur\u00e9ats des nouvelles des lyc\u00e9es et coll\u00e8ges de Mennecy et du Prix du 1er roman lors du 7\u00e8me Festival du Livre du 4 f\u00e9vrier 2017<\/div><\/div><a class=\"html5galleryimglink\" data-mediatype=6 href=\"https:\/\/77sm.fr\/17mennecy\/2017-02-04-mennecy-salon-livres-ANTOINE-amelie.mp4\" data-poster=\"https:\/\/77sm.fr\/17mennecy\/2017-02-04-mennecy-salon-livres-ANTOINE-amelie.jpg\" data-hd=\"https:\/\/77sm.fr\/17mennecy\/2017-02-04-mennecy-salon-livres-ANTOINE-amelie.mp4\" data-hdwebm=\"https:\/\/77sm.fr\/17mennecy\/2017-02-04-mennecy-salon-livres-ANTOINE-amelie.mp4\"><img decoding=\"async\" class=\"html5galleryimg html5gallery-tn-image\" src=\"https:\/\/77sm.fr\/17mennecy\/2017-02-04-mennecy-salon-livres-ANTOINE-amelie.jpg\" alt=\"ANTOINE Am\u00e9lie\" title=\"ANTOINE Am\u00e9lie\" data-description=\"MENNECY (91) Am\u00e9lie ANTOINE au 7\u00e8me Festival du Livre et de la BD 2017\nInterview par Henri GIRARD de Am\u00e9lie ANTOINE, deuxi\u00e8me prix du 1er roman lors du 7\u00e8me Festival du Livre du 4 f\u00e9vrier 2017\"><\/a><div class=\"html5gallery-info\"><div class=\"html5gallery-title\">ANTOINE Am\u00e9lie<\/div><div class=\"html5gallery-description\">MENNECY (91) Am\u00e9lie ANTOINE au 7\u00e8me Festival du Livre et de la BD 2017\nInterview par Henri GIRARD de Am\u00e9lie ANTOINE, deuxi\u00e8me prix du 1er roman lors du 7\u00e8me Festival du Livre du 4 f\u00e9vrier 2017<\/div><\/div><a class=\"html5galleryimglink\" data-mediatype=6 href=\"https:\/\/77sm.fr\/17mennecy\/2017-02-04-mennecy-salon-livres-BORDES-Gilbert.mp4\" data-poster=\"https:\/\/77sm.fr\/17mennecy\/2017-02-04-mennecy-salon-livres-BORDES-Gilbert.jpg\" data-hd=\"https:\/\/77sm.fr\/17mennecy\/2017-02-04-mennecy-salon-livres-BORDES-Gilbert.mp4\" data-hdwebm=\"https:\/\/77sm.fr\/17mennecy\/2017-02-04-mennecy-salon-livres-BORDES-Gilbert.mp4\"><img decoding=\"async\" class=\"html5galleryimg html5gallery-tn-image\" src=\"https:\/\/77sm.fr\/17mennecy\/2017-02-04-mennecy-salon-livres-BORDES-Gilbert.jpg\" alt=\"BORDES Gilbert\" title=\"BORDES Gilbert\" data-description=\"\u25a0 \u25a0 2017 \u2022 7\u00e8me Festival livre &amp; BD Mennecy  \u25a0 \u25a0\"><\/a><div class=\"html5gallery-info\"><div class=\"html5gallery-title\">BORDES Gilbert<\/div><div class=\"html5gallery-description\">\u25a0 \u25a0 2017 \u2022 7\u00e8me Festival livre &amp; BD Mennecy  \u25a0 \u25a0<\/div><\/div><a class=\"html5galleryimglink\" data-mediatype=6 href=\"https:\/\/77sm.fr\/17mennecy\/2017-02-04-mennecy-salon-livres-POLARD-Olivier.mp4\" data-poster=\"https:\/\/77sm.fr\/17mennecy\/2017-02-04-mennecy-salon-livres-POLARD-Olivier.jpg\" data-hd=\"https:\/\/77sm.fr\/17mennecy\/2017-02-04-mennecy-salon-livres-POLARD-Olivier.mp4\" data-hdwebm=\"https:\/\/77sm.fr\/17mennecy\/2017-02-04-mennecy-salon-livres-POLARD-Olivier.mp4\"><img decoding=\"async\" class=\"html5galleryimg html5gallery-tn-image\" src=\"https:\/\/77sm.fr\/17mennecy\/2017-02-04-mennecy-salon-livres-POLARD-Olivier.jpg\" alt=\"POLARD Olivier\" title=\"POLARD Olivier\" data-description=\"MENNECY (91) 7\u00e8me Festival du Livre et de la BD 2017\nInterview par Henri GIRARD de Olivier POLARD, vainqueur du concours &quot;speed-editing&quot; 2016.\"><\/a><div class=\"html5gallery-info\"><div class=\"html5gallery-title\">POLARD Olivier<\/div><div class=\"html5gallery-description\">MENNECY (91) 7\u00e8me Festival du Livre et de la BD 2017\nInterview par Henri GIRARD de Olivier POLARD, vainqueur du concours &quot;speed-editing&quot; 2016.<\/div><\/div><a class=\"html5galleryimglink\" data-mediatype=6 href=\"https:\/\/77sm.fr\/17mennecy\/2017-02-04-mennecy-00014-les-auteurs.mp4\" data-poster=\"https:\/\/77sm.fr\/17mennecy\/2017-02-04-mennecy-00014-les-auteurs.jpg\" data-hd=\"https:\/\/77sm.fr\/17mennecy\/2017-02-04-mennecy-00014-les-auteurs.mp4\" data-hdwebm=\"https:\/\/77sm.fr\/17mennecy\/2017-02-04-mennecy-00014-les-auteurs.mp4\"><img decoding=\"async\" class=\"html5galleryimg html5gallery-tn-image\" src=\"https:\/\/77sm.fr\/17mennecy\/2017-02-04-mennecy-00014-les-auteurs.jpg\" alt=\"Les auteurs\" title=\"Les auteurs\" data-description=\"MENNECY (91) 7\u00e8me Festival du Livre et de la BD 2017\nPromenade autour des tables des diff\u00e9rents auteurs, toute une pl\u00e9\u00efade de plumes et de pinceaux talentueux en d\u00e9dicace et en pr\u00e9sentation de leurs oeuvres..\"><\/a><div class=\"html5gallery-info\"><div class=\"html5gallery-title\">Les auteurs<\/div><div class=\"html5gallery-description\">MENNECY (91) 7\u00e8me Festival du Livre et de la BD 2017\nPromenade autour des tables des diff\u00e9rents auteurs, toute une pl\u00e9\u00efade de plumes et de pinceaux talentueux en d\u00e9dicace et en pr\u00e9sentation de leurs oeuvres..<\/div><\/div><a class=\"html5galleryimglink\" data-mediatype=6 href=\"https:\/\/77sm.fr\/17mennecy\/2017-02-05-mennecy-manga.mp4\" data-poster=\"https:\/\/77sm.fr\/17mennecy\/2017-02-05-mennecy-manga.jpg\" data-hd=\"https:\/\/77sm.fr\/17mennecy\/2017-02-05-mennecy-manga.mp4\" data-hdwebm=\"https:\/\/77sm.fr\/17mennecy\/2017-02-05-mennecy-manga.mp4\"><img decoding=\"async\" class=\"html5galleryimg html5gallery-tn-image\" src=\"https:\/\/77sm.fr\/17mennecy\/2017-02-05-mennecy-manga.jpg\" alt=\"Atelier manga\" title=\"Atelier manga\" data-description=\"Initiation au dessin manga, les deux s\u00e9ances pr\u00e9vues ont \u00e9t\u00e9 bien remplies par nos futurs dessinateurs... lors du 7\u00e8me Festival du Livre du 4 f\u00e9vrier 2017\"><\/a><div class=\"html5gallery-info\"><div class=\"html5gallery-title\">Atelier manga<\/div><div class=\"html5gallery-description\">Initiation au dessin manga, les deux s\u00e9ances pr\u00e9vues ont \u00e9t\u00e9 bien remplies par nos futurs dessinateurs... lors du 7\u00e8me Festival du Livre du 4 f\u00e9vrier 2017<\/div><\/div><a class=\"html5galleryimglink\" data-mediatype=6 href=\"https:\/\/77sm.fr\/17mennecy\/2017-02-05-mennecy-avec-nos-illustrateurs-de-bd.mp4\" data-poster=\"https:\/\/77sm.fr\/17mennecy\/2017-02-05-mennecy-avec-nos-illustrateurs-de-bd.jpg\" data-hd=\"https:\/\/77sm.fr\/17mennecy\/2017-02-05-mennecy-avec-nos-illustrateurs-de-bd.mp4\" data-hdwebm=\"https:\/\/77sm.fr\/17mennecy\/2017-02-05-mennecy-avec-nos-illustrateurs-de-bd.mp4\"><img decoding=\"async\" class=\"html5galleryimg html5gallery-tn-image\" src=\"https:\/\/77sm.fr\/17mennecy\/2017-02-05-mennecy-avec-nos-illustrateurs-de-bd.jpg\" alt=\"Illustrateurs BD\" title=\"Illustrateurs BD\" data-description=\"Mani\u00e8re d&#39;illustrer leurs ouvrages, nous avons surpris les illustrateurs de Bandes Dessin\u00e9es durant leurs d\u00e9dicaces, lors du 7\u00e8me Festival du Livre du 4 f\u00e9vrier 2017\"><\/a><div class=\"html5gallery-info\"><div class=\"html5gallery-title\">Illustrateurs BD<\/div><div class=\"html5gallery-description\">Mani\u00e8re d&#039;illustrer leurs ouvrages, nous avons surpris les illustrateurs de Bandes Dessin\u00e9es durant leurs d\u00e9dicaces, lors du 7\u00e8me Festival du Livre du 4 f\u00e9vrier 2017<\/div><\/div><a class=\"html5galleryimglink\" data-mediatype=6 href=\"https:\/\/77sm.fr\/17mennecy\/2017-02-05-mennecy-salon-livre-conference-monna-lisa.mp4\" data-poster=\"https:\/\/77sm.fr\/17mennecy\/2017-02-05-mennecy-salon-livre-conference-monna-lisa.mp4\" data-hd=\"https:\/\/77sm.fr\/17mennecy\/2017-02-05-mennecy-salon-livre-conference-monna-lisa.mp4\" data-hdwebm=\"https:\/\/77sm.fr\/17mennecy\/2017-02-05-mennecy-salon-livre-conference-monna-lisa.mp4\"><img decoding=\"async\" class=\"html5galleryimg html5gallery-tn-image\" src=\"https:\/\/77sm.fr\/17mennecy\/2017-02-05-mennecy-salon-livre-conference-monna-lisa.jpg\" alt=\"Secrets de Monna Lisa\" title=\"Secrets de Monna Lisa\" data-description=\"MENNECY (91) Les secrets de Monna Lisa - 7\u00e8me Festival du Livre et de la BD 2017\nConf\u00e9rence de Pascal COTTE - &quot;Les secrets de Monna Lisa&quot; auteur de l&#39;ouvrage \u00e9ponyme.\"><\/a><div class=\"html5gallery-info\"><div class=\"html5gallery-title\">Secrets de Monna Lisa<\/div><div class=\"html5gallery-description\">MENNECY (91) Les secrets de Monna Lisa - 7\u00e8me Festival du Livre et de la BD 2017\nConf\u00e9rence de Pascal COTTE - &quot;Les secrets de Monna Lisa&quot; auteur de l&#039;ouvrage \u00e9ponyme.<\/div><\/div><\/div><\/div><script>function wondergallery_9_appendcss(csscode) {var head=document.head || document.getElementsByTagName(\"head\")[0];var style=document.createElement(\"style\");head.appendChild(style);style.type=\"text\/css\";if (style.styleSheet){style.styleSheet.cssText=csscode;} else {style.appendChild(document.createTextNode(csscode));}};wondergallery_9_appendcss(\"#wonderplugingallery-9 .html5gallery-cat-selection-9 { \tbox-sizing: border-box; \ttext-align: center; }  #wonderplugingallery-9 .html5gallery-cat-selection-9 select { \tbox-sizing: border-box; \twidth: 100%; \tmax-width: 100%; \tmargin: 4px auto; }\");<\/script>\n\n\n\n<div class=\"results-btn\">\r\n<button onclick=\"history.go(-1);\"><i class=\"fas fa-arrow-left\"><\/i> RETOUR<\/button>\n","protected":false},"excerpt":{"rendered":"<p>2017 -MENNECY &#8211; 7\u00e8me Festival Livre &amp; BD RETOUR<\/p>\n","protected":false},"author":1,"featured_media":0,"parent":0,"menu_order":0,"comment_status":"closed","ping_status":"closed","template":"","meta":{"_kadence_starter_templates_imported_post":false,"_kad_post_transparent":"","_kad_post_title":"hide","_kad_post_layout":"fullwidth","_kad_post_sidebar_id":"","_kad_post_content_style":"","_kad_post_vertical_padding":"","_kad_post_feature":"","_kad_post_feature_position":"","_kad_post_header":false,"_kad_post_footer":false,"_kad_post_classname":"","footnotes":""},"class_list":["post-132","page","type-page","status-publish","hentry"],"yoast_head":"<!-- This site is optimized with the Yoast SEO plugin v27.4 - https:\/\/yoast.com\/product\/yoast-seo-wordpress\/ -->\n<title>2017 - MENNECY - MENNECY - Festival du Livre &amp; BD<\/title>\n<meta name=\"robots\" content=\"index, follow, max-snippet:-1, max-image-preview:large, max-video-preview:-1\" \/>\n<link rel=\"canonical\" href=\"https:\/\/77direct.com\/mennecy\/2017-mennecy\/\" \/>\n<meta property=\"og:locale\" content=\"fr_FR\" \/>\n<meta property=\"og:type\" content=\"article\" \/>\n<meta property=\"og:title\" content=\"2017 - MENNECY - MENNECY - Festival du Livre &amp; BD\" \/>\n<meta property=\"og:description\" content=\"2017 -MENNECY &#8211; 7\u00e8me Festival Livre &amp; BD RETOUR\" \/>\n<meta property=\"og:url\" content=\"https:\/\/77direct.com\/mennecy\/2017-mennecy\/\" \/>\n<meta property=\"og:site_name\" content=\"MENNECY - Festival du Livre &amp; BD\" \/>\n<meta property=\"article:modified_time\" content=\"2024-02-16T19:37:45+00:00\" \/>\n<meta name=\"twitter:card\" content=\"summary_large_image\" \/>\n<meta name=\"twitter:label1\" content=\"Dur\u00e9e de lecture estim\u00e9e\" \/>\n\t<meta name=\"twitter:data1\" content=\"1 minute\" \/>\n<script type=\"application\/ld+json\" class=\"yoast-schema-graph\">{\"@context\":\"https:\\\/\\\/schema.org\",\"@graph\":[{\"@type\":\"WebPage\",\"@id\":\"https:\\\/\\\/77direct.com\\\/mennecy\\\/2017-mennecy\\\/\",\"url\":\"https:\\\/\\\/77direct.com\\\/mennecy\\\/2017-mennecy\\\/\",\"name\":\"2017 - MENNECY - MENNECY - Festival du Livre &amp; BD\",\"isPartOf\":{\"@id\":\"https:\\\/\\\/77direct.com\\\/mennecy\\\/#website\"},\"datePublished\":\"2024-02-13T21:21:21+00:00\",\"dateModified\":\"2024-02-16T19:37:45+00:00\",\"breadcrumb\":{\"@id\":\"https:\\\/\\\/77direct.com\\\/mennecy\\\/2017-mennecy\\\/#breadcrumb\"},\"inLanguage\":\"fr-FR\",\"potentialAction\":[{\"@type\":\"ReadAction\",\"target\":[\"https:\\\/\\\/77direct.com\\\/mennecy\\\/2017-mennecy\\\/\"]}]},{\"@type\":\"BreadcrumbList\",\"@id\":\"https:\\\/\\\/77direct.com\\\/mennecy\\\/2017-mennecy\\\/#breadcrumb\",\"itemListElement\":[{\"@type\":\"ListItem\",\"position\":1,\"name\":\"Accueil\",\"item\":\"https:\\\/\\\/77direct.com\\\/mennecy\\\/\"},{\"@type\":\"ListItem\",\"position\":2,\"name\":\"2017 &#8211; MENNECY\"}]},{\"@type\":\"WebSite\",\"@id\":\"https:\\\/\\\/77direct.com\\\/mennecy\\\/#website\",\"url\":\"https:\\\/\\\/77direct.com\\\/mennecy\\\/\",\"name\":\"MENNECY - Festival du Livre &amp; BD\",\"description\":\"8 et 9 juin 2024 \u2022 Esplanade des Orangeries \u00e0 Mennecy - de 10h \u00e0 18h\",\"potentialAction\":[{\"@type\":\"SearchAction\",\"target\":{\"@type\":\"EntryPoint\",\"urlTemplate\":\"https:\\\/\\\/77direct.com\\\/mennecy\\\/?s={search_term_string}\"},\"query-input\":{\"@type\":\"PropertyValueSpecification\",\"valueRequired\":true,\"valueName\":\"search_term_string\"}}],\"inLanguage\":\"fr-FR\"}]}<\/script>\n<!-- \/ Yoast SEO plugin. -->","yoast_head_json":{"title":"2017 - MENNECY - MENNECY - Festival du Livre &amp; BD","robots":{"index":"index","follow":"follow","max-snippet":"max-snippet:-1","max-image-preview":"max-image-preview:large","max-video-preview":"max-video-preview:-1"},"canonical":"https:\/\/77direct.com\/mennecy\/2017-mennecy\/","og_locale":"fr_FR","og_type":"article","og_title":"2017 - MENNECY - MENNECY - Festival du Livre &amp; BD","og_description":"2017 -MENNECY &#8211; 7\u00e8me Festival Livre &amp; BD RETOUR","og_url":"https:\/\/77direct.com\/mennecy\/2017-mennecy\/","og_site_name":"MENNECY - Festival du Livre &amp; BD","article_modified_time":"2024-02-16T19:37:45+00:00","twitter_card":"summary_large_image","twitter_misc":{"Dur\u00e9e de lecture estim\u00e9e":"1 minute"},"schema":{"@context":"https:\/\/schema.org","@graph":[{"@type":"WebPage","@id":"https:\/\/77direct.com\/mennecy\/2017-mennecy\/","url":"https:\/\/77direct.com\/mennecy\/2017-mennecy\/","name":"2017 - MENNECY - MENNECY - Festival du Livre &amp; BD","isPartOf":{"@id":"https:\/\/77direct.com\/mennecy\/#website"},"datePublished":"2024-02-13T21:21:21+00:00","dateModified":"2024-02-16T19:37:45+00:00","breadcrumb":{"@id":"https:\/\/77direct.com\/mennecy\/2017-mennecy\/#breadcrumb"},"inLanguage":"fr-FR","potentialAction":[{"@type":"ReadAction","target":["https:\/\/77direct.com\/mennecy\/2017-mennecy\/"]}]},{"@type":"BreadcrumbList","@id":"https:\/\/77direct.com\/mennecy\/2017-mennecy\/#breadcrumb","itemListElement":[{"@type":"ListItem","position":1,"name":"Accueil","item":"https:\/\/77direct.com\/mennecy\/"},{"@type":"ListItem","position":2,"name":"2017 &#8211; MENNECY"}]},{"@type":"WebSite","@id":"https:\/\/77direct.com\/mennecy\/#website","url":"https:\/\/77direct.com\/mennecy\/","name":"MENNECY - Festival du Livre &amp; BD","description":"8 et 9 juin 2024 \u2022 Esplanade des Orangeries \u00e0 Mennecy - de 10h \u00e0 18h","potentialAction":[{"@type":"SearchAction","target":{"@type":"EntryPoint","urlTemplate":"https:\/\/77direct.com\/mennecy\/?s={search_term_string}"},"query-input":{"@type":"PropertyValueSpecification","valueRequired":true,"valueName":"search_term_string"}}],"inLanguage":"fr-FR"}]}},"_links":{"self":[{"href":"https:\/\/77direct.com\/mennecy\/wp-json\/wp\/v2\/pages\/132","targetHints":{"allow":["GET"]}}],"collection":[{"href":"https:\/\/77direct.com\/mennecy\/wp-json\/wp\/v2\/pages"}],"about":[{"href":"https:\/\/77direct.com\/mennecy\/wp-json\/wp\/v2\/types\/page"}],"author":[{"embeddable":true,"href":"https:\/\/77direct.com\/mennecy\/wp-json\/wp\/v2\/users\/1"}],"replies":[{"embeddable":true,"href":"https:\/\/77direct.com\/mennecy\/wp-json\/wp\/v2\/comments?post=132"}],"version-history":[{"count":4,"href":"https:\/\/77direct.com\/mennecy\/wp-json\/wp\/v2\/pages\/132\/revisions"}],"predecessor-version":[{"id":243,"href":"https:\/\/77direct.com\/mennecy\/wp-json\/wp\/v2\/pages\/132\/revisions\/243"}],"wp:attachment":[{"href":"https:\/\/77direct.com\/mennecy\/wp-json\/wp\/v2\/media?parent=132"}],"curies":[{"name":"wp","href":"https:\/\/api.w.org\/{rel}","templated":true}]}}